{"id":182725,"date":"2025-08-25T16:53:22","date_gmt":"2025-08-25T20:53:22","guid":{"rendered":"https:\/\/adra.ca\/?post_type=product&#038;p=182725"},"modified":"2025-09-15T17:52:28","modified_gmt":"2025-09-15T21:52:28","slug":"fruit-trees-for-families-2","status":"publish","type":"product","link":"https:\/\/adra.ca\/fr\/produit\/fruit-trees-for-families-2\/","title":{"rendered":"Des arbres fruitiers pour les familles"},"content":{"rendered":"<p>Offrir aux familles des sources durables de nourriture et de revenus. Ces arbres porteront des fruits pendant des ann\u00e9es, aidant les communaut\u00e9s \u00e0 am\u00e9liorer leur nutrition, \u00e0 renforcer leur s\u00e9curit\u00e9 alimentaire et \u00e0 cr\u00e9er des opportunit\u00e9s \u00e9conomiques.<\/p>","protected":false},"excerpt":{"rendered":"<p>Offrir aux familles des sources durables de nourriture et de revenus. Ces arbres porteront des fruits pendant des ann\u00e9es, aidant les communaut\u00e9s \u00e0 am\u00e9liorer leur nutrition, \u00e0 renforcer leur s\u00e9curit\u00e9 alimentaire et \u00e0 cr\u00e9er des opportunit\u00e9s \u00e9conomiques.<\/p>","protected":false},"featured_media":109549,"template":"","meta":{"wds_primary_product_brand":0,"wds_primary_product_cat":0},"product_brand":[],"product_cat":[220],"product_tag":[],"class_list":{"0":"post-182725","1":"product","2":"type-product","3":"status-publish","4":"has-post-thumbnail","6":"product_cat-kids","8":"first","9":"instock","10":"shipping-taxable","11":"purchasable","12":"product-type-simple"},"_links":{"self":[{"href":"https:\/\/adra.ca\/fr\/wp-json\/wp\/v2\/product\/182725","targetHints":{"allow":["GET"]}}],"collection":[{"href":"https:\/\/adra.ca\/fr\/wp-json\/wp\/v2\/product"}],"about":[{"href":"https:\/\/adra.ca\/fr\/wp-json\/wp\/v2\/types\/product"}],"wp:featuredmedia":[{"embeddable":true,"href":"https:\/\/adra.ca\/fr\/wp-json\/wp\/v2\/media\/109549"}],"wp:attachment":[{"href":"https:\/\/adra.ca\/fr\/wp-json\/wp\/v2\/media?parent=182725"}],"wp:term":[{"taxonomy":"product_brand","embeddable":true,"href":"https:\/\/adra.ca\/fr\/wp-json\/wp\/v2\/product_brand?post=182725"},{"taxonomy":"product_cat","embeddable":true,"href":"https:\/\/adra.ca\/fr\/wp-json\/wp\/v2\/product_cat?post=182725"},{"taxonomy":"product_tag","embeddable":true,"href":"https:\/\/adra.ca\/fr\/wp-json\/wp\/v2\/product_tag?post=182725"}],"curies":[{"name":"wp","href":"https:\/\/api.w.org\/{rel}","templated":true}]}}