{"id":182726,"date":"2025-08-25T16:54:12","date_gmt":"2025-08-25T20:54:12","guid":{"rendered":"https:\/\/adra.ca\/?post_type=product&#038;p=182726"},"modified":"2025-09-15T17:51:16","modified_gmt":"2025-09-15T21:51:16","slug":"support-livestock-with-a-forage-seeds","status":"publish","type":"product","link":"https:\/\/adra.ca\/fr\/produit\/support-livestock-with-a-forage-seeds\/","title":{"rendered":"Soutenez le b\u00e9tail avec des semences fourrag\u00e8res"},"content":{"rendered":"<p>Fournir des semences de p\u00e2turage pour permettre aux familles de planter du fourrage pour leur b\u00e9tail. Cela contribue \u00e0 rem\u00e9dier aux carences alimentaires et garantit la sant\u00e9 et la productivit\u00e9 du b\u00e9tail.<\/p>","protected":false},"excerpt":{"rendered":"<p>Fournir des semences de p\u00e2turage pour permettre aux familles de planter du fourrage pour leur b\u00e9tail. Cela contribue \u00e0 rem\u00e9dier aux carences alimentaires et garantit la sant\u00e9 et la productivit\u00e9 du b\u00e9tail.<\/p>","protected":false},"featured_media":109550,"template":"","meta":{"wds_primary_product_brand":0,"wds_primary_product_cat":0},"product_brand":[],"product_cat":[220],"product_tag":[],"class_list":{"0":"post-182726","1":"product","2":"type-product","3":"status-publish","4":"has-post-thumbnail","6":"product_cat-kids","8":"first","9":"instock","10":"shipping-taxable","11":"purchasable","12":"product-type-simple"},"_links":{"self":[{"href":"https:\/\/adra.ca\/fr\/wp-json\/wp\/v2\/product\/182726","targetHints":{"allow":["GET"]}}],"collection":[{"href":"https:\/\/adra.ca\/fr\/wp-json\/wp\/v2\/product"}],"about":[{"href":"https:\/\/adra.ca\/fr\/wp-json\/wp\/v2\/types\/product"}],"wp:featuredmedia":[{"embeddable":true,"href":"https:\/\/adra.ca\/fr\/wp-json\/wp\/v2\/media\/109550"}],"wp:attachment":[{"href":"https:\/\/adra.ca\/fr\/wp-json\/wp\/v2\/media?parent=182726"}],"wp:term":[{"taxonomy":"product_brand","embeddable":true,"href":"https:\/\/adra.ca\/fr\/wp-json\/wp\/v2\/product_brand?post=182726"},{"taxonomy":"product_cat","embeddable":true,"href":"https:\/\/adra.ca\/fr\/wp-json\/wp\/v2\/product_cat?post=182726"},{"taxonomy":"product_tag","embeddable":true,"href":"https:\/\/adra.ca\/fr\/wp-json\/wp\/v2\/product_tag?post=182726"}],"curies":[{"name":"wp","href":"https:\/\/api.w.org\/{rel}","templated":true}]}}