{"id":182773,"date":"2025-08-25T17:39:18","date_gmt":"2025-08-25T21:39:18","guid":{"rendered":"https:\/\/adra.ca\/?post_type=product&#038;p=182773"},"modified":"2025-09-15T17:49:29","modified_gmt":"2025-09-15T21:49:29","slug":"love-gift","status":"publish","type":"product","link":"https:\/\/adra.ca\/fr\/produit\/love-gift\/","title":{"rendered":"Cadeau d&#039;amour <br><br><b>VOTRE DON DE TOUT MONTANT<\/b>"},"content":{"rendered":"<p>En contribuant au Fonds d&#039;amour, vous apportez un soutien opportun au moment o\u00f9 il est le plus n\u00e9cessaire, en veillant \u00e0 ce que l&#039;aide parvienne aux plus vuln\u00e9rables. Ensemble, nous pouvons combler les lacunes et apporter l&#039;amour l\u00e0 o\u00f9 il compte le plus.<\/p>","protected":false},"excerpt":{"rendered":"<p>En contribuant au Fonds d&#039;amour, vous apportez un soutien opportun au moment o\u00f9 il est le plus n\u00e9cessaire, en veillant \u00e0 ce que l&#039;aide parvienne aux plus vuln\u00e9rables. Ensemble, nous pouvons combler les lacunes et apporter l&#039;amour l\u00e0 o\u00f9 il compte le plus.<\/p>","protected":false},"featured_media":182780,"template":"","meta":{"wds_primary_product_brand":0,"wds_primary_product_cat":0},"product_brand":[],"product_cat":[210],"product_tag":[218],"class_list":{"0":"post-182773","1":"product","2":"type-product","3":"status-publish","4":"has-post-thumbnail","6":"product_cat-uncategorized","7":"product_tag-top5","9":"first","10":"instock","11":"featured","12":"shipping-taxable","13":"purchasable","14":"product-type-simple"},"_links":{"self":[{"href":"https:\/\/adra.ca\/fr\/wp-json\/wp\/v2\/product\/182773","targetHints":{"allow":["GET"]}}],"collection":[{"href":"https:\/\/adra.ca\/fr\/wp-json\/wp\/v2\/product"}],"about":[{"href":"https:\/\/adra.ca\/fr\/wp-json\/wp\/v2\/types\/product"}],"wp:featuredmedia":[{"embeddable":true,"href":"https:\/\/adra.ca\/fr\/wp-json\/wp\/v2\/media\/182780"}],"wp:attachment":[{"href":"https:\/\/adra.ca\/fr\/wp-json\/wp\/v2\/media?parent=182773"}],"wp:term":[{"taxonomy":"product_brand","embeddable":true,"href":"https:\/\/adra.ca\/fr\/wp-json\/wp\/v2\/product_brand?post=182773"},{"taxonomy":"product_cat","embeddable":true,"href":"https:\/\/adra.ca\/fr\/wp-json\/wp\/v2\/product_cat?post=182773"},{"taxonomy":"product_tag","embeddable":true,"href":"https:\/\/adra.ca\/fr\/wp-json\/wp\/v2\/product_tag?post=182773"}],"curies":[{"name":"wp","href":"https:\/\/api.w.org\/{rel}","templated":true}]}}